{"id":436,"date":"2020-09-02T13:46:36","date_gmt":"2020-09-02T20:46:36","guid":{"rendered":"http:\/\/www.iccrles.org\/?page_id=436"},"modified":"2024-01-24T13:26:32","modified_gmt":"2024-01-24T20:26:32","slug":"educacion-continua","status":"publish","type":"page","link":"https:\/\/www.staging-f.iccrles.org\/index.php\/educacion-continua\/","title":{"rendered":"Educaci\u00f3n Continua"},"content":{"rendered":"\n<h2 class=\"wp-block-heading\">Diplomados:<\/h2>\n\n\n\n<div class=\"wp-block-group is-vertical is-content-justification-center is-layout-flex wp-container-core-group-is-layout-4b2eccd6 wp-block-group-is-layout-flex\">\n<h2 class=\"wp-block-heading has-text-align-left\"><strong>Educaci\u00f3n Financiera.<\/strong><\/h2>\n\n\n\n<h2 class=\"wp-block-heading has-text-align-left\"><strong>Liderazgo para la representaci\u00f3n y el cambio.<\/strong><\/h2>\n\n\n\n<h2 class=\"wp-block-heading has-text-align-left\"><strong>Derecho y Relaciones Laborales.<\/strong><\/h2>\n<\/div>\n\n\n\n<p><\/p>\n\n\n\n<h2 class=\"wp-block-heading\">Talleres:<\/h2>\n\n\n\n<h2 class=\"wp-block-heading has-text-align-center\"><strong>Redaci\u00f3n y Elaboraci\u00f3n de Informes Oficiales.<\/strong><\/h2>\n\n\n\n<h2 class=\"wp-block-heading has-text-align-center\"><strong>Expresi\u00f3n y Comunicaci\u00f3n Asertiva.<\/strong><\/h2>\n\n\n\n<h2 class=\"wp-block-heading has-text-align-center\"><strong>Imagen y \u00c9tica Profesional.<\/strong><\/h2>\n\n\n\n<p><\/p>\n\n\n\n<h2 class=\"wp-block-heading\">Certificaciones:<\/h2>\n\n\n\n<h2 class=\"wp-block-heading has-text-align-center\"><strong>ECO401<\/strong><\/h2>\n\n\n\n<h2 class=\"wp-block-heading has-text-align-center\"><strong>Liderazgo en el servicio p\u00fablico.<\/strong><\/h2>\n\n\n\n<h2 class=\"wp-block-heading has-text-align-center\"><strong>ECO0617<\/strong><\/h2>\n\n\n\n<h2 class=\"wp-block-heading has-text-align-center\"><strong>Presentaci\u00f3n de servicios de representaci\u00f3n y apoyo del sindicalismo responsable a los trabajadores.<\/strong><\/h2>\n\n\n\n<h2 class=\"wp-block-heading has-text-align-center\"><strong>ECO182<\/strong><\/h2>\n\n\n\n<h2 class=\"wp-block-heading has-text-align-center\"><strong>Representaci\u00f3n de afiliados en su relaci\u00f3n con el patr\u00f3n.<\/strong><\/h2>\n\n\n\n<p><\/p>\n\n\n\n<p>Para mas Informacion:<\/p>\n","protected":false},"excerpt":{"rendered":"<p>Diplomados: Educaci\u00f3n Financiera. Liderazgo para la representaci\u00f3n y el cambio. Derecho y Relaciones Laborales. Talleres: Redaci\u00f3n y Elaboraci\u00f3n de Informes Oficiales. Expresi\u00f3n y Comunicaci\u00f3n Asertiva.&hellip;<\/p>\n","protected":false},"author":1,"featured_media":0,"parent":0,"menu_order":0,"comment_status":"closed","ping_status":"closed","template":"","meta":{"footnotes":""},"class_list":["post-436","page","type-page","status-publish","hentry"],"_links":{"self":[{"href":"https:\/\/www.staging-f.iccrles.org\/index.php\/wp-json\/wp\/v2\/pages\/436","targetHints":{"allow":["GET"]}}],"collection":[{"href":"https:\/\/www.staging-f.iccrles.org\/index.php\/wp-json\/wp\/v2\/pages"}],"about":[{"href":"https:\/\/www.staging-f.iccrles.org\/index.php\/wp-json\/wp\/v2\/types\/page"}],"author":[{"embeddable":true,"href":"https:\/\/www.staging-f.iccrles.org\/index.php\/wp-json\/wp\/v2\/users\/1"}],"replies":[{"embeddable":true,"href":"https:\/\/www.staging-f.iccrles.org\/index.php\/wp-json\/wp\/v2\/comments?post=436"}],"version-history":[{"count":7,"href":"https:\/\/www.staging-f.iccrles.org\/index.php\/wp-json\/wp\/v2\/pages\/436\/revisions"}],"predecessor-version":[{"id":923,"href":"https:\/\/www.staging-f.iccrles.org\/index.php\/wp-json\/wp\/v2\/pages\/436\/revisions\/923"}],"wp:attachment":[{"href":"https:\/\/www.staging-f.iccrles.org\/index.php\/wp-json\/wp\/v2\/media?parent=436"}],"curies":[{"name":"wp","href":"https:\/\/api.w.org\/{rel}","templated":true}]}}