{"id":138,"date":"2018-11-01T17:29:58","date_gmt":"2018-11-01T17:29:58","guid":{"rendered":"http:\/\/plantilla.iccrles.org\/?page_id=138"},"modified":"2018-11-12T05:20:45","modified_gmt":"2018-11-12T05:20:45","slug":"vision","status":"publish","type":"page","link":"https:\/\/www.staging-f.iccrles.org\/index.php\/vision\/","title":{"rendered":"Visi\u00f3n"},"content":{"rendered":"<p>[vc_row][vc_column][vc_column_text css_animation=&#8221;fadeIn&#8221;]<img fetchpriority=\"high\" decoding=\"async\" class=\"aligncenter size-full wp-image-383\" src=\"http:\/\/plantilla.iccrles.org\/wp-content\/uploads\/2018\/11\/visionctom.png\" alt=\"\" width=\"396\" height=\"239\" srcset=\"https:\/\/www.staging-f.iccrles.org\/wp-content\/uploads\/2018\/11\/visionctom.png 735w, https:\/\/www.staging-f.iccrles.org\/wp-content\/uploads\/2018\/11\/visionctom-300x181.png 300w, https:\/\/www.staging-f.iccrles.org\/wp-content\/uploads\/2018\/11\/visionctom-570x342.png 570w\" sizes=\"(max-width: 396px) 100vw, 396px\" \/><\/p>\n<h3>Ser un referente en el mundo sindical y empresarial, a trav\u00e9s de consolidar con calidad nuestra Universidad, la Entidad de Certificaci\u00f3n y Evaluaci\u00f3n por competencias; as\u00ed como nuestro servicio de Asesor\u00eda, Capacitaci\u00f3n y Consultor\u00eda.<\/h3>\n<p>[\/vc_column_text][\/vc_column][\/vc_row]<\/p>\n","protected":false},"excerpt":{"rendered":"<p>[vc_row][vc_column][vc_column_text css_animation=&#8221;fadeIn&#8221;] Ser un referente en el mundo sindical y empresarial, a trav\u00e9s de consolidar con calidad nuestra Universidad, la Entidad de Certificaci\u00f3n y Evaluaci\u00f3n&hellip;<\/p>\n","protected":false},"author":1,"featured_media":0,"parent":0,"menu_order":0,"comment_status":"closed","ping_status":"closed","template":"","meta":{"footnotes":""},"class_list":["post-138","page","type-page","status-publish","hentry"],"_links":{"self":[{"href":"https:\/\/www.staging-f.iccrles.org\/index.php\/wp-json\/wp\/v2\/pages\/138","targetHints":{"allow":["GET"]}}],"collection":[{"href":"https:\/\/www.staging-f.iccrles.org\/index.php\/wp-json\/wp\/v2\/pages"}],"about":[{"href":"https:\/\/www.staging-f.iccrles.org\/index.php\/wp-json\/wp\/v2\/types\/page"}],"author":[{"embeddable":true,"href":"https:\/\/www.staging-f.iccrles.org\/index.php\/wp-json\/wp\/v2\/users\/1"}],"replies":[{"embeddable":true,"href":"https:\/\/www.staging-f.iccrles.org\/index.php\/wp-json\/wp\/v2\/comments?post=138"}],"version-history":[{"count":5,"href":"https:\/\/www.staging-f.iccrles.org\/index.php\/wp-json\/wp\/v2\/pages\/138\/revisions"}],"predecessor-version":[{"id":384,"href":"https:\/\/www.staging-f.iccrles.org\/index.php\/wp-json\/wp\/v2\/pages\/138\/revisions\/384"}],"wp:attachment":[{"href":"https:\/\/www.staging-f.iccrles.org\/index.php\/wp-json\/wp\/v2\/media?parent=138"}],"curies":[{"name":"wp","href":"https:\/\/api.w.org\/{rel}","templated":true}]}}