{"id":136,"date":"2018-11-01T17:29:50","date_gmt":"2018-11-01T17:29:50","guid":{"rendered":"http:\/\/plantilla.iccrles.org\/?page_id=136"},"modified":"2018-11-12T05:19:59","modified_gmt":"2018-11-12T05:19:59","slug":"mision","status":"publish","type":"page","link":"https:\/\/www.staging-f.iccrles.org\/index.php\/mision\/","title":{"rendered":"Misi\u00f3n"},"content":{"rendered":"<p>[vc_row][vc_column][vc_column_text css_animation=&#8221;appear&#8221;]<img fetchpriority=\"high\" decoding=\"async\" class=\"aligncenter size-full wp-image-381\" src=\"http:\/\/plantilla.iccrles.org\/wp-content\/uploads\/2018\/11\/misionctom.png\" alt=\"\" width=\"396\" height=\"239\" srcset=\"https:\/\/www.staging-f.iccrles.org\/wp-content\/uploads\/2018\/11\/misionctom.png 735w, https:\/\/www.staging-f.iccrles.org\/wp-content\/uploads\/2018\/11\/misionctom-300x181.png 300w, https:\/\/www.staging-f.iccrles.org\/wp-content\/uploads\/2018\/11\/misionctom-570x342.png 570w\" sizes=\"(max-width: 396px) 100vw, 396px\" \/><\/p>\n<h3>Coadyuvar en el desarrollo de Sonora a trav\u00e9s del impulso de pol\u00edticas p\u00fablicas de empleo, mercados laborales, con el compromiso de un nuevo modelo de relaciones laborales, bajo la premisa de la colaboraci\u00f3n y desarrollo de capital humano como eje central de nuestra competitividad.<\/h3>\n<p>[\/vc_column_text][\/vc_column][\/vc_row]<\/p>\n","protected":false},"excerpt":{"rendered":"<p>[vc_row][vc_column][vc_column_text css_animation=&#8221;appear&#8221;] Coadyuvar en el desarrollo de Sonora a trav\u00e9s del impulso de pol\u00edticas p\u00fablicas de empleo, mercados laborales, con el compromiso de un nuevo&hellip;<\/p>\n","protected":false},"author":1,"featured_media":0,"parent":0,"menu_order":0,"comment_status":"closed","ping_status":"closed","template":"","meta":{"footnotes":""},"class_list":["post-136","page","type-page","status-publish","hentry"],"_links":{"self":[{"href":"https:\/\/www.staging-f.iccrles.org\/index.php\/wp-json\/wp\/v2\/pages\/136","targetHints":{"allow":["GET"]}}],"collection":[{"href":"https:\/\/www.staging-f.iccrles.org\/index.php\/wp-json\/wp\/v2\/pages"}],"about":[{"href":"https:\/\/www.staging-f.iccrles.org\/index.php\/wp-json\/wp\/v2\/types\/page"}],"author":[{"embeddable":true,"href":"https:\/\/www.staging-f.iccrles.org\/index.php\/wp-json\/wp\/v2\/users\/1"}],"replies":[{"embeddable":true,"href":"https:\/\/www.staging-f.iccrles.org\/index.php\/wp-json\/wp\/v2\/comments?post=136"}],"version-history":[{"count":13,"href":"https:\/\/www.staging-f.iccrles.org\/index.php\/wp-json\/wp\/v2\/pages\/136\/revisions"}],"predecessor-version":[{"id":382,"href":"https:\/\/www.staging-f.iccrles.org\/index.php\/wp-json\/wp\/v2\/pages\/136\/revisions\/382"}],"wp:attachment":[{"href":"https:\/\/www.staging-f.iccrles.org\/index.php\/wp-json\/wp\/v2\/media?parent=136"}],"curies":[{"name":"wp","href":"https:\/\/api.w.org\/{rel}","templated":true}]}}